{"id":442,"date":"2025-04-15T13:51:36","date_gmt":"2025-04-15T11:51:36","guid":{"rendered":"http:\/\/metronhome.fx-dev.site\/?page_id=442"},"modified":"2025-04-24T10:03:35","modified_gmt":"2025-04-24T08:03:35","slug":"renovation-energetique","status":"publish","type":"page","link":"https:\/\/metronhome.fr\/index.php\/renovation-energetique\/","title":{"rendered":"R\u00e9novation \u00e9nerg\u00e9tique"},"content":{"rendered":"","protected":false},"excerpt":{"rendered":"","protected":false},"author":1,"featured_media":0,"parent":0,"menu_order":0,"comment_status":"closed","ping_status":"closed","template":"template-parts\/particulier-renovation-energetique.php","meta":{"_acf_changed":false,"footnotes":""},"class_list":["post-442","page","type-page","status-publish","hentry"],"acf":[],"_links":{"self":[{"href":"https:\/\/metronhome.fr\/index.php\/wp-json\/wp\/v2\/pages\/442","targetHints":{"allow":["GET"]}}],"collection":[{"href":"https:\/\/metronhome.fr\/index.php\/wp-json\/wp\/v2\/pages"}],"about":[{"href":"https:\/\/metronhome.fr\/index.php\/wp-json\/wp\/v2\/types\/page"}],"author":[{"embeddable":true,"href":"https:\/\/metronhome.fr\/index.php\/wp-json\/wp\/v2\/users\/1"}],"replies":[{"embeddable":true,"href":"https:\/\/metronhome.fr\/index.php\/wp-json\/wp\/v2\/comments?post=442"}],"version-history":[{"count":11,"href":"https:\/\/metronhome.fr\/index.php\/wp-json\/wp\/v2\/pages\/442\/revisions"}],"predecessor-version":[{"id":783,"href":"https:\/\/metronhome.fr\/index.php\/wp-json\/wp\/v2\/pages\/442\/revisions\/783"}],"wp:attachment":[{"href":"https:\/\/metronhome.fr\/index.php\/wp-json\/wp\/v2\/media?parent=442"}],"curies":[{"name":"wp","href":"https:\/\/api.w.org\/{rel}","templated":true}]}}